{"id":51,"date":"2021-08-06T12:04:06","date_gmt":"2021-08-06T10:04:06","guid":{"rendered":"https:\/\/shop.gravotec.ch\/produit\/commande-de-plaquettes\/"},"modified":"2021-08-10T08:08:48","modified_gmt":"2021-08-10T06:08:48","slug":"ordering-inserts","status":"publish","type":"product","link":"https:\/\/shop.gravotec.ch\/en\/produit\/ordering-inserts\/","title":{"rendered":"Ordering inserts"},"content":{"rendered":"","protected":false},"excerpt":{"rendered":"","protected":false},"featured_media":0,"template":"","meta":{"_acf_changed":false},"product_brand":[],"product_cat":[16],"product_tag":[],"class_list":{"0":"post-51","1":"product","2":"type-product","3":"status-publish","5":"product_cat-non-classe","7":"first","8":"instock","9":"taxable","10":"shipping-taxable","11":"purchasable","12":"product-type-simple"},"exclude_global_add_ons":false,"addons":[{"name":"Choose what you need:","type":"checkbox","position":0,"required":true,"title_format":"label","default":"","description_enable":false,"description":"","placeholder_enable":false,"placeholder":"","display":"select","restrictions_type":"any_text","adjust_price":false,"price":"","price_type":"","restrictions":false,"min":"0","max":"0","options":[{"label":"Letterbox sign","price":"30.00","price_type":"","image":0,"visibility":true},{"label":"Intercom sign","price":"15.00","price_type":"","image":0,"visibility":true},{"label":"Door sign","price":"15.00","price_type":"","image":0,"visibility":true},{"label":"Other: Package box","price":"30.00","price_type":"","image":0,"visibility":true}]},{"name":"Supplementary articles:","type":"checkbox","position":1,"required":false,"title_format":"label","default":"","description_enable":false,"description":"","placeholder_enable":false,"placeholder":"","display":"select","restrictions_type":"any_text","adjust_price":false,"price":"","price_type":"","restrictions":false,"min":"0","max":"0","options":[{"label":"NO JUNK MAIL sign","price":"3.50","price_type":"","image":0,"visibility":true},{"label":"No parking sign + PRIVATE","price":"49.00","price_type":"","image":0,"visibility":true},{"label":"No parking sign + plate number","price":"49.00","price_type":"","image":0,"visibility":true}]},{"name":"Texte","type":"custom","position":2,"required":false,"title_format":"label","default":"","description_enable":false,"description":"","placeholder_enable":false,"placeholder":"","display":"select","restrictions_type":"any_text","adjust_price":false,"price":"","price_type":"","restrictions":false,"min":"0","max":"0","options":[]}],"acf":[],"yoast_head":"<!-- This site is optimized with the Yoast SEO plugin v27.5 - https:\/\/yoast.com\/product\/yoast-seo-wordpress\/ -->\n<title>Ordering inserts - Gravotec Shop<\/title>\n<meta name=\"robots\" content=\"index, follow, max-snippet:-1, max-image-preview:large, max-video-preview:-1\" \/>\n<link rel=\"canonical\" href=\"https:\/\/shop.gravotec.ch\/en\/produit\/ordering-inserts\/\" \/>\n<meta property=\"og:locale\" content=\"en_US\" \/>\n<meta property=\"og:type\" content=\"article\" \/>\n<meta property=\"og:title\" content=\"Ordering inserts - Gravotec Shop\" \/>\n<meta property=\"og:url\" content=\"https:\/\/shop.gravotec.ch\/en\/produit\/ordering-inserts\/\" \/>\n<meta property=\"og:site_name\" content=\"Gravotec Shop\" \/>\n<meta property=\"article:modified_time\" content=\"2021-08-10T06:08:48+00:00\" \/>\n<meta name=\"twitter:card\" content=\"summary_large_image\" \/>\n<script type=\"application\/ld+json\" class=\"yoast-schema-graph\">{\"@context\":\"https:\\\/\\\/schema.org\",\"@graph\":[{\"@type\":\"WebPage\",\"@id\":\"https:\\\/\\\/shop.gravotec.ch\\\/en\\\/produit\\\/ordering-inserts\\\/\",\"url\":\"https:\\\/\\\/shop.gravotec.ch\\\/en\\\/produit\\\/ordering-inserts\\\/\",\"name\":\"Ordering inserts - Gravotec Shop\",\"isPartOf\":{\"@id\":\"https:\\\/\\\/shop.gravotec.ch\\\/en\\\/#website\"},\"datePublished\":\"2021-08-06T10:04:06+00:00\",\"dateModified\":\"2021-08-10T06:08:48+00:00\",\"breadcrumb\":{\"@id\":\"https:\\\/\\\/shop.gravotec.ch\\\/en\\\/produit\\\/ordering-inserts\\\/#breadcrumb\"},\"inLanguage\":\"en-US\",\"potentialAction\":[{\"@type\":\"ReadAction\",\"target\":[\"https:\\\/\\\/shop.gravotec.ch\\\/en\\\/produit\\\/ordering-inserts\\\/\"]}]},{\"@type\":\"BreadcrumbList\",\"@id\":\"https:\\\/\\\/shop.gravotec.ch\\\/en\\\/produit\\\/ordering-inserts\\\/#breadcrumb\",\"itemListElement\":[{\"@type\":\"ListItem\",\"position\":1,\"name\":\"Accueil\",\"item\":\"https:\\\/\\\/shop.gravotec.ch\\\/en\\\/\"},{\"@type\":\"ListItem\",\"position\":2,\"name\":\"Ordering inserts\"}]},{\"@type\":\"WebSite\",\"@id\":\"https:\\\/\\\/shop.gravotec.ch\\\/en\\\/#website\",\"url\":\"https:\\\/\\\/shop.gravotec.ch\\\/en\\\/\",\"name\":\"Gravotec Shop\",\"description\":\"Signal\u00e9tique int\u00e9rieure, ext\u00e9rieure, lettrage, gravure, habillage de vitrine\",\"potentialAction\":[{\"@type\":\"SearchAction\",\"target\":{\"@type\":\"EntryPoint\",\"urlTemplate\":\"https:\\\/\\\/shop.gravotec.ch\\\/en\\\/?s={search_term_string}\"},\"query-input\":{\"@type\":\"PropertyValueSpecification\",\"valueRequired\":true,\"valueName\":\"search_term_string\"}}],\"inLanguage\":\"en-US\"}]}<\/script>\n<!-- \/ Yoast SEO plugin. -->","yoast_head_json":{"title":"Ordering inserts - Gravotec Shop","robots":{"index":"index","follow":"follow","max-snippet":"max-snippet:-1","max-image-preview":"max-image-preview:large","max-video-preview":"max-video-preview:-1"},"canonical":"https:\/\/shop.gravotec.ch\/en\/produit\/ordering-inserts\/","og_locale":"en_US","og_type":"article","og_title":"Ordering inserts - Gravotec Shop","og_url":"https:\/\/shop.gravotec.ch\/en\/produit\/ordering-inserts\/","og_site_name":"Gravotec Shop","article_modified_time":"2021-08-10T06:08:48+00:00","twitter_card":"summary_large_image","schema":{"@context":"https:\/\/schema.org","@graph":[{"@type":"WebPage","@id":"https:\/\/shop.gravotec.ch\/en\/produit\/ordering-inserts\/","url":"https:\/\/shop.gravotec.ch\/en\/produit\/ordering-inserts\/","name":"Ordering inserts - Gravotec Shop","isPartOf":{"@id":"https:\/\/shop.gravotec.ch\/en\/#website"},"datePublished":"2021-08-06T10:04:06+00:00","dateModified":"2021-08-10T06:08:48+00:00","breadcrumb":{"@id":"https:\/\/shop.gravotec.ch\/en\/produit\/ordering-inserts\/#breadcrumb"},"inLanguage":"en-US","potentialAction":[{"@type":"ReadAction","target":["https:\/\/shop.gravotec.ch\/en\/produit\/ordering-inserts\/"]}]},{"@type":"BreadcrumbList","@id":"https:\/\/shop.gravotec.ch\/en\/produit\/ordering-inserts\/#breadcrumb","itemListElement":[{"@type":"ListItem","position":1,"name":"Accueil","item":"https:\/\/shop.gravotec.ch\/en\/"},{"@type":"ListItem","position":2,"name":"Ordering inserts"}]},{"@type":"WebSite","@id":"https:\/\/shop.gravotec.ch\/en\/#website","url":"https:\/\/shop.gravotec.ch\/en\/","name":"Gravotec Shop","description":"Signal\u00e9tique int\u00e9rieure, ext\u00e9rieure, lettrage, gravure, habillage de vitrine","potentialAction":[{"@type":"SearchAction","target":{"@type":"EntryPoint","urlTemplate":"https:\/\/shop.gravotec.ch\/en\/?s={search_term_string}"},"query-input":{"@type":"PropertyValueSpecification","valueRequired":true,"valueName":"search_term_string"}}],"inLanguage":"en-US"}]}},"_links":{"self":[{"href":"https:\/\/shop.gravotec.ch\/en\/wp-json\/wp\/v2\/product\/51","targetHints":{"allow":["GET"]}}],"collection":[{"href":"https:\/\/shop.gravotec.ch\/en\/wp-json\/wp\/v2\/product"}],"about":[{"href":"https:\/\/shop.gravotec.ch\/en\/wp-json\/wp\/v2\/types\/product"}],"wp:attachment":[{"href":"https:\/\/shop.gravotec.ch\/en\/wp-json\/wp\/v2\/media?parent=51"}],"wp:term":[{"taxonomy":"product_brand","embeddable":true,"href":"https:\/\/shop.gravotec.ch\/en\/wp-json\/wp\/v2\/product_brand?post=51"},{"taxonomy":"product_cat","embeddable":true,"href":"https:\/\/shop.gravotec.ch\/en\/wp-json\/wp\/v2\/product_cat?post=51"},{"taxonomy":"product_tag","embeddable":true,"href":"https:\/\/shop.gravotec.ch\/en\/wp-json\/wp\/v2\/product_tag?post=51"}],"curies":[{"name":"wp","href":"https:\/\/api.w.org\/{rel}","templated":true}]}}